{"id":65,"date":"2026-02-04T10:40:29","date_gmt":"2026-02-04T10:40:29","guid":{"rendered":"https:\/\/new.theoolalab.com\/?page_id=65"},"modified":"2026-03-30T08:19:03","modified_gmt":"2026-03-30T08:19:03","slug":"gioi-thieu","status":"publish","type":"page","link":"https:\/\/new.theoolalab.com\/en\/gioi-thieu\/","title":{"rendered":"About"},"content":{"rendered":"<div data-elementor-type=\"wp-page\" data-elementor-id=\"65\" class=\"elementor elementor-65\" data-elementor-post-type=\"page\">\n\t\t\t\t<div class=\"elementor-element elementor-element-d60323a e-flex e-con-boxed e-con e-parent\" data-id=\"d60323a\" data-element_type=\"container\" data-e-type=\"container\" data-settings=\"{&quot;background_background&quot;:&quot;classic&quot;}\">\n\t\t\t\t\t<div class=\"e-con-inner\">\n\t\t\t\t<div class=\"elementor-element elementor-element-d894608 elementor-widget elementor-widget-heading\" data-id=\"d894608\" data-element_type=\"widget\" data-e-type=\"widget\" data-widget_type=\"heading.default\">\n\t\t\t\t\t<h2 class=\"elementor-heading-title elementor-size-default\">V\u1ec1 Ch\u00fang T\u00f4i<\/h2>\t\t\t\t<\/div>\n\t\t\t\t\t<\/div>\n\t\t\t\t<\/div>\n\t\t<div class=\"elementor-element elementor-element-1056eac e-flex e-con-boxed e-con e-parent\" data-id=\"1056eac\" data-element_type=\"container\" data-e-type=\"container\">\n\t\t\t\t\t<div class=\"e-con-inner\">\n\t\t\t\t<div class=\"elementor-element elementor-element-5aa012a elementor-widget elementor-widget-spacer\" data-id=\"5aa012a\" data-element_type=\"widget\" data-e-type=\"widget\" data-widget_type=\"spacer.default\">\n\t\t\t\t\t\t\t<div class=\"elementor-spacer\">\n\t\t\t<div class=\"elementor-spacer-inner\"><\/div>\n\t\t<\/div>\n\t\t\t\t\t\t<\/div>\n\t\t\t\t\t<\/div>\n\t\t\t\t<\/div>\n\t\t<div class=\"elementor-element elementor-element-57260b6 e-con-full e-flex e-con e-parent\" data-id=\"57260b6\" data-element_type=\"container\" data-e-type=\"container\">\n\t\t\t\t<div class=\"elementor-element elementor-element-6aaad4b elementor-widget elementor-widget-text-editor\" data-id=\"6aaad4b\" data-element_type=\"widget\" data-e-type=\"widget\" data-widget_type=\"text-editor.default\">\n\t\t\t\t\t\t\t\t\tC\u00e2u Chuy\u1ec7n Th\u01b0\u01a1ng Hi\u1ec7u \t\t\t\t\t\t\t\t<\/div>\n\t\t\t\t<div class=\"elementor-element elementor-element-c3a77b5 elementor-widget elementor-widget-text-editor\" data-id=\"c3a77b5\" data-element_type=\"widget\" data-e-type=\"widget\" data-widget_type=\"text-editor.default\">\n\t\t\t\t\t\t\t\t\t<p><span style=\"font-weight: 400;\">The OOla Lab kh\u00f4ng \u0111\u01b0\u1ee3c sinh ra t\u1eeb m\u1ed9t k\u1ebf ho\u1ea1ch kinh doanh ho\u00e0n h\u1ea3o.<br \/><\/span><span style=\"font-weight: 400;\">Th\u01b0\u01a1ng hi\u1ec7u b\u1eaft \u0111\u1ea7u t\u1eeb m\u1ed9t kh\u00e1t khao l\u00e0 \u0111\u01b0a th\u1ebf gi\u1edbi m\u00f9i h\u01b0\u01a1ng \u2013 v\u1ed1n \u0111\u01b0\u1ee3c xem l\u00e0 xa x\u1ec9 v\u00e0 kh\u00f3 ti\u1ebfp c\u1eadn \u2013 tr\u1edf n\u00ean g\u1ea7n g\u0169i h\u01a1n v\u1edbi ng\u01b0\u1eddi Vi\u1ec7t.<\/span><\/p><p><span style=\"font-weight: 400;\">H\u00e0nh tr\u00ecnh \u1ea5y kh\u1edfi ngu\u1ed3n t\u1ea1i S\u1ed1 6, \u0111\u01b0\u1eddng 31B, ph\u01b0\u1eddng An Ph\u00fa, TP Th\u1ee7 \u0110\u1ee9c. Trong m\u1ed9t ph\u00f2ng lab nh\u1ecf, ch\u1ec9 v\u1edbi 5 con ng\u01b0\u1eddi, v\u00e0i b\u1ed9 d\u1ee5ng c\u1ee5 pha ch\u1ebf v\u00e0 r\u1ea5t nhi\u1ec1u \u0111\u00eam th\u1eed nghi\u1ec7m, The OOla Lab ra \u0111\u1eddi nh\u01b0 m\u1ed9t workshop n\u01b0\u1edbc hoa th\u1ee7 c\u00f4ng. \u1ede \u0111\u00f3, n\u01b0\u1edbc hoa kh\u00f4ng \u0111\u01b0\u1ee3c t\u1ea1o ra \u0111\u1ec3 b\u00e1n h\u00e0ng lo\u1ea1t, m\u00e0 \u0111\u1ec3 k\u1ec3 c\u00e2u chuy\u1ec7n c\u1ee7a t\u1eebng c\u00e1 nh\u00e2n. M\u1ed7i kh\u00e1ch h\u00e0ng b\u01b0\u1edbc v\u00e0o ph\u00f2ng lab \u0111\u1ec1u mang theo m\u1ed9t c\u1ea3m x\u00fac, m\u1ed9t k\u00fd \u1ee9c, v\u00e0 r\u1eddi \u0111i v\u1edbi m\u1ed9t m\u00f9i h\u01b0\u01a1ng mang d\u1ea5u \u1ea5n r\u1ea5t ri\u00eang.<\/span><\/p><p><span style=\"font-weight: 400;\">Ch\u00ednh s\u1ef1 g\u1ea7n g\u0169i \u1ea5y \u0111\u00e3 gi\u00fap The OOla Lab s\u1edbm nh\u1eadn \u0111\u01b0\u1ee3c s\u1ef1 y\u00eau m\u1ebfn. Nh\u01b0ng \u0111\u1ed3ng th\u1eddi, n\u00f3 c\u0169ng b\u1ed9c l\u1ed9 m\u1ed9t gi\u1edbi h\u1ea1n. R\u1ea5t nhi\u1ec1u kh\u00e1ch h\u00e0ng \u0111\u1ebfn t\u1eeb Nha Trang, mi\u1ec1n Trung v\u00e0 c\u00e1c t\u1ec9nh xa mong mu\u1ed1n \u0111\u01b0\u1ee3c tr\u1ea3i nghi\u1ec7m, nh\u01b0ng vi\u1ec7c ph\u1ea3i di chuy\u1ec3n \u0111\u1ebfn TP.HCM hay H\u00e0 N\u1ed9i \u0111\u1ec3 tham gia workshop tr\u1edf th\u00e0nh m\u1ed9t r\u00e0o c\u1ea3n l\u1edbn. M\u1ed9t tr\u1ea3i nghi\u1ec7m \u0111\u1eb9p, n\u1ebfu ch\u1ec9 d\u00e0nh cho s\u1ed1 \u00edt, th\u00ec v\u1eabn ch\u01b0a tr\u1ecdn v\u1eb9n v\u1edbi s\u1ee9 m\u1ec7nh ban \u0111\u1ea7u m\u00e0 The OOla Lab theo \u0111u\u1ed5i.<\/span><\/p><p><span style=\"font-weight: 400;\">The OOla Lab \u0111\u1ee9ng tr\u01b0\u1edbc m\u1ed9t l\u1ef1a ch\u1ecdn quan tr\u1ecdng: ti\u1ebfp t\u1ee5c l\u00e0 m\u1ed9t workshop th\u1ee7 c\u00f4ng gi\u1edbi h\u1ea1n, hay t\u00ecm c\u00e1ch m\u1edf r\u1ed9ng \u0111\u1ec3 \u0111\u01b0a m\u00f9i h\u01b0\u01a1ng \u0111\u1ebfn g\u1ea7n h\u01a1n v\u1edbi c\u1ed9ng \u0111\u1ed3ng?<\/span><\/p><p><span style=\"font-weight: 400;\">V\u00e0 th\u01b0\u01a1ng hi\u1ec7u \u0111\u00e3 ch\u1ecdn con \u0111\u01b0\u1eddng kh\u00f3 h\u01a1n \u2013 con \u0111\u01b0\u1eddng c\u1ee7a s\u1ef1 m\u1edf r\u1ed9ng c\u00f3 chi\u1ec1u s\u00e2u.<\/span><\/p><p><span style=\"font-weight: 400;\">Su\u1ed1t 3 n\u0103m \u01b0\u01a1m m\u1ea7m, \u0111\u1ed9i ng\u0169 The OOla Lab d\u00e0nh tr\u1ecdn t\u00e2m huy\u1ebft cho nghi\u00ean c\u1ee9u, th\u1eed nghi\u1ec7m v\u00e0 t\u00e1i \u0111\u1ecbnh ngh\u0129a h\u01b0\u1edbng \u0111i. Kh\u00f4ng \u0111\u01a1n thu\u1ea7n l\u00e0 \u201cs\u1ea3n xu\u1ea5t h\u00e0ng lo\u1ea1t\u201d, m\u00e0 l\u00e0 x\u00e2y d\u1ef1ng m\u1ed9t d\u00f2ng n\u01b0\u1edbc hoa th\u01b0\u01a1ng m\u1ea1i c\u00f3 th\u1ec3 gi\u1eef \u0111\u01b0\u1ee3c tinh th\u1ea7n c\u1ee7a workshop: c\u00e1 nh\u00e2n h\u00f3a trong c\u1ea3m x\u00fac, chu\u1ea9n m\u1ef1c trong k\u1ef9 thu\u1eadt v\u00e0 b\u1ec1n v\u1eefng trong kinh doanh.<\/span><\/p><p><span style=\"font-weight: 400;\">The OOla Lab l\u1ef1a ch\u1ecdn chu\u1ea9n m\u1ef1c n\u01b0\u1edbc hoa Ph\u00e1p l\u00e0m n\u1ec1n t\u1ea3ng \u2013 t\u1eeb c\u1ea5u tr\u00fac m\u00f9i, quy tr\u00ecnh nghi\u00ean c\u1ee9u \u0111\u1ebfn ki\u1ec3m so\u00e1t ch\u1ea5t l\u01b0\u1ee3ng. Nh\u01b0ng \u0111\u1ec3 th\u1ef1c s\u1ef1 \u0111\u1ebfn g\u1ea7n h\u01a1n v\u1edbi ng\u01b0\u1eddi Vi\u1ec7t, chu\u1ea9n m\u1ef1c \u1ea5y c\u1ea7n \u0111\u01b0\u1ee3c chuy\u1ec3n h\u00f3a, kh\u00f4ng ph\u1ea3i sao ch\u00e9p. M\u1ed7i m\u00f9i h\u01b0\u01a1ng \u0111\u01b0\u1ee3c ph\u00e1t tri\u1ec3n \u0111\u1ec3 ph\u00f9 h\u1ee3p v\u1edbi kh\u00ed h\u1eadu Vi\u1ec7t Nam, th\u00f3i quen s\u1eed d\u1ee5ng v\u00e0 tr\u00ean h\u1ebft l\u00e0 c\u1ea3m x\u00fac, k\u00fd \u1ee9c, chi\u1ec1u s\u00e2u v\u0103n h\u00f3a c\u1ee7a con ng\u01b0\u1eddi Vi\u1ec7t.<\/span><\/p><p><span style=\"font-weight: 400;\">\u0110\u01b0a n\u01b0\u1edbc hoa chu\u1ea9n Ph\u00e1p \u0111\u1ebfn g\u1ea7n h\u01a1n \u2013 b\u1eb1ng c\u00e1ch \u0111\u1eb7t b\u1ea3n s\u1eafc Vi\u1ec7t l\u00e0m trung t\u00e2m.<\/span><\/p><p><span style=\"font-weight: 400;\">T\u1eeb nh\u1eefng c\u00f4ng th\u1ee9c \u0111\u1ea7u ti\u00ean, The OOla Lab d\u1ea7n h\u00ecnh th\u00e0nh \u0111\u1ed9i ng\u0169 R&amp;D chuy\u00ean s\u00e2u, n\u01a1i m\u00f9i h\u01b0\u01a1ng kh\u00f4ng ch\u1ec9 \u0111\u01b0\u1ee3c nghi\u00ean c\u1ee9u b\u1eb1ng k\u1ef9 thu\u1eadt, m\u00e0 c\u00f2n b\u1eb1ng s\u1ef1 th\u1ea5u hi\u1ec3u con ng\u01b0\u1eddi. \u0110\u00f3 l\u00e0 s\u1ef1 giao thoa gi\u1eefa khoa h\u1ecdc v\u00e0 c\u1ea3m x\u00fac, gi\u1eefa ngh\u1ec7 thu\u1eadt m\u00f9i h\u01b0\u01a1ng ph\u01b0\u01a1ng T\u00e2y v\u00e0 tinh th\u1ea7n \u00c1 \u0110\u00f4ng.<\/span><\/p><p><span style=\"font-weight: 400;\">C\u00f9ng v\u1edbi s\u1ef1 tr\u01b0\u1edfng th\u00e0nh c\u1ee7a s\u1ea3n ph\u1ea9m th\u01b0\u01a1ng m\u1ea1i, The OOla Lab b\u01b0\u1edbc sang m\u1ed9t giai \u0111o\u1ea1n ph\u00e1t tri\u1ec3n m\u1edbi. T\u1eeb 5 nh\u00e2n s\u1ef1 ban \u0111\u1ea7u, th\u01b0\u01a1ng hi\u1ec7u \u0111\u00e3 x\u00e2y d\u1ef1ng nh\u00e0 m\u00e1y s\u1ea3n xu\u1ea5t t\u1ea1i Long An v\u1edbi h\u01a1n 50 nh\u00e2n c\u00f4ng, \u0111\u1ea3m b\u1ea3o n\u0103ng l\u1ef1c s\u1ea3n xu\u1ea5t \u1ed5n \u0111\u1ecbnh, ti\u00eau chu\u1ea9n h\u00f3a v\u00e0 s\u1eb5n s\u00e0ng cho vi\u1ec7c m\u1edf r\u1ed9ng quy m\u00f4. Song song \u0111\u00f3 l\u00e0 s\u1ef1 ph\u00e1t tri\u1ec3n m\u1ea1nh m\u1ebd c\u1ee7a h\u1ec7 sinh th\u00e1i tr\u1ea3i nghi\u1ec7m:<br \/><\/span><span style=\"font-weight: 400;\">3 workshop t\u1ea1i TP.HCM v\u00e0 H\u00e0 N\u1ed9i<\/span><\/p><p><span style=\"font-weight: 400;\">Showroom n\u01b0\u1edbc hoa t\u1ea1i H\u00e0 N\u1ed9i ra m\u1eaft v\u00e0o th\u00e1ng 2\/2026<\/span><\/p><p><span style=\"font-weight: 400;\">Showroom t\u1ea1i Qu\u1eadn 7, TP.HCM v\u00e0o cu\u1ed1i n\u0103m<\/span><\/p><p><span style=\"font-weight: 400;\">V\u00e0 trong t\u01b0\u01a1ng lai g\u1ea7n, l\u00e0 h\u1ec7 th\u1ed1ng chi nh\u00e1nh v\u00e0 nh\u01b0\u1ee3ng quy\u1ec1n t\u1ea1i c\u00e1c t\u1ec9nh th\u00e0nh tr\u00ean kh\u1eafp Vi\u1ec7t Nam.<br \/><\/span><span style=\"font-weight: 400;\">T\u1ed1c \u0111\u1ed9 ph\u00e1t tri\u1ec3n n\u00e0y kh\u00f4ng \u0111\u1ebfn t\u1eeb tham v\u1ecdng ng\u1eafn h\u1ea1n, m\u00e0 t\u1eeb m\u1ed9t t\u1ea7m nh\u00ecn d\u00e0i h\u1ea1n r\u00f5 r\u00e0ng: x\u00e2y d\u1ef1ng m\u1ed9t th\u01b0\u01a1ng hi\u1ec7u n\u01b0\u1edbc hoa Vi\u1ec7t c\u00f3 n\u0103ng l\u1ef1c nghi\u00ean c\u1ee9u th\u1eadt s\u1ef1, c\u00f3 ti\u00eau chu\u1ea9n qu\u1ed1c t\u1ebf, v\u00e0 c\u00f3 b\u1ea3n s\u1eafc \u0111\u1ee7 m\u1ea1nh \u0111\u1ec3 \u0111i \u0111\u01b0\u1eddng d\u00e0i. The OOa Lab tin r\u1eb1ng n\u01b0\u1edbc hoa kh\u00f4ng ch\u1ec9 l\u00e0 m\u1ed9t s\u1ea3n ph\u1ea9m ti\u00eau d\u00f9ng.<\/span><\/p><p><span style=\"font-weight: 400;\">\u0110\u00f3 l\u00e0 m\u1ed9t h\u00ecnh th\u1ee9c bi\u1ec3u \u0111\u1ea1t b\u1ea3n th\u00e2n, m\u1ed9t s\u1ee3i d\u00e2y k\u1ebft n\u1ed1i k\u00fd \u1ee9c \u2013 c\u1ea3m x\u00fac \u2013 v\u0103n h\u00f3a.<br \/><\/span><span style=\"font-weight: 400;\">V\u00ec th\u1ebf, m\u1ed7i s\u1ea3n ph\u1ea9m th\u01b0\u01a1ng m\u1ea1i c\u1ee7a The OOla Lab kh\u00f4ng ch\u1ec9 mang theo m\u00f9i h\u01b0\u01a1ng, m\u00e0 c\u00f2n mang theo c\u00e2u chuy\u1ec7n c\u1ee7a h\u00e0nh tr\u00ecnh \u0111\u00e3 \u0111i qua: t\u1eeb m\u1ed9t ph\u00f2ng lab nh\u1ecf t\u1ea1i TPHCM, \u0111\u1ebfn nh\u1eefng showroom hi\u1ec7n \u0111\u1ea1i, t\u1eeb nh\u1eefng gi\u1ea5c m\u01a1 th\u1ee7 c\u00f4ng \u0111\u1ebfn m\u1ed9t h\u1ec7 sinh th\u00e1i m\u00f9i h\u01b0\u01a1ng mang d\u1ea5u \u1ea5n Vi\u1ec7t.<br \/><\/span><span style=\"font-weight: 400;\">The OOla Lab \u2013 n\u01a1i chu\u1ea9n m\u1ef1c g\u1eb7p g\u1ee1 b\u1ea3n s\u1eafc, n\u01a1i m\u00f9i h\u01b0\u01a1ng \u0111\u01b0\u1ee3c t\u1ea1o ra \u0111\u1ec3 \u1edf l\u1ea1i l\u00e2u d\u00e0i.<\/span><\/p>\t\t\t\t\t\t\t\t<\/div>\n\t\t\t\t<\/div>\n\t\t<div class=\"elementor-element elementor-element-ca5ed8b e-flex e-con-boxed e-con e-parent\" data-id=\"ca5ed8b\" data-element_type=\"container\" data-e-type=\"container\">\n\t\t\t\t\t<div class=\"e-con-inner\">\n\t\t\t\t<div class=\"elementor-element elementor-element-6c4034f elementor-widget elementor-widget-spacer\" data-id=\"6c4034f\" data-element_type=\"widget\" data-e-type=\"widget\" data-widget_type=\"spacer.default\">\n\t\t\t\t\t\t\t<div class=\"elementor-spacer\">\n\t\t\t<div class=\"elementor-spacer-inner\"><\/div>\n\t\t<\/div>\n\t\t\t\t\t\t<\/div>\n\t\t\t\t\t<\/div>\n\t\t\t\t<\/div>\n\t\t<div class=\"elementor-element elementor-element-0256e35 e-con-full e-flex e-con e-parent\" data-id=\"0256e35\" data-element_type=\"container\" data-e-type=\"container\">\n\t\t\t\t<div class=\"elementor-element elementor-element-1ddac59 elementor-widget elementor-widget-image\" data-id=\"1ddac59\" data-element_type=\"widget\" data-e-type=\"widget\" data-widget_type=\"image.default\">\n\t\t\t\t\t\t\t\t\t\t\t\t\t\t\t<img fetchpriority=\"high\" decoding=\"async\" width=\"2560\" height=\"1707\" src=\"https:\/\/new.theoolalab.com\/wp-content\/uploads\/2026\/03\/Ban-sao-cua-thienthanhproduction-27-scaled.jpg\" class=\"attachment-full size-full wp-image-1674\" alt=\"\" srcset=\"https:\/\/new.theoolalab.com\/wp-content\/uploads\/2026\/03\/Ban-sao-cua-thienthanhproduction-27-scaled.jpg 2560w, https:\/\/new.theoolalab.com\/wp-content\/uploads\/2026\/03\/Ban-sao-cua-thienthanhproduction-27-scaled-2000x1334.jpg 2000w, https:\/\/new.theoolalab.com\/wp-content\/uploads\/2026\/03\/Ban-sao-cua-thienthanhproduction-27-300x200.jpg 300w, https:\/\/new.theoolalab.com\/wp-content\/uploads\/2026\/03\/Ban-sao-cua-thienthanhproduction-27-1024x683.jpg 1024w, https:\/\/new.theoolalab.com\/wp-content\/uploads\/2026\/03\/Ban-sao-cua-thienthanhproduction-27-768x512.jpg 768w, https:\/\/new.theoolalab.com\/wp-content\/uploads\/2026\/03\/Ban-sao-cua-thienthanhproduction-27-1536x1024.jpg 1536w, https:\/\/new.theoolalab.com\/wp-content\/uploads\/2026\/03\/Ban-sao-cua-thienthanhproduction-27-2048x1365.jpg 2048w, https:\/\/new.theoolalab.com\/wp-content\/uploads\/2026\/03\/Ban-sao-cua-thienthanhproduction-27-18x12.jpg 18w\" sizes=\"(max-width: 2560px) 100vw, 2560px\" \/>\t\t\t\t\t\t\t\t\t\t\t\t\t\t\t<\/div>\n\t\t\t\t<\/div>\n\t\t<div class=\"elementor-element elementor-element-11a66bb e-flex e-con-boxed e-con e-parent\" data-id=\"11a66bb\" data-element_type=\"container\" data-e-type=\"container\" data-settings=\"{&quot;background_background&quot;:&quot;classic&quot;}\">\n\t\t\t\t\t<div class=\"e-con-inner\">\n\t\t\t\t<div class=\"elementor-element elementor-element-991d570 elementor-widget elementor-widget-heading\" data-id=\"991d570\" data-element_type=\"widget\" data-e-type=\"widget\" data-widget_type=\"heading.default\">\n\t\t\t\t\t<h2 class=\"elementor-heading-title elementor-size-default\">The OOla Lab<\/h2>\t\t\t\t<\/div>\n\t\t\t\t\t<\/div>\n\t\t\t\t<\/div>\n\t\t<div class=\"elementor-element elementor-element-6ae7d83 e-con-full e-flex e-con e-parent\" data-id=\"6ae7d83\" data-element_type=\"container\" data-e-type=\"container\" data-settings=\"{&quot;background_background&quot;:&quot;classic&quot;}\">\n\t\t<div class=\"elementor-element elementor-element-c737e5c e-con-full e-flex e-con e-child\" data-id=\"c737e5c\" data-element_type=\"container\" data-e-type=\"container\">\n\t\t\t\t<div class=\"elementor-element elementor-element-d9b407d elementor-widget elementor-widget-heading\" data-id=\"d9b407d\" data-element_type=\"widget\" data-e-type=\"widget\" data-widget_type=\"heading.default\">\n\t\t\t\t\t<h2 class=\"elementor-heading-title elementor-size-default\">Vision<\/h2>\t\t\t\t<\/div>\n\t\t\t\t<div class=\"elementor-element elementor-element-090555e elementor-widget elementor-widget-text-editor\" data-id=\"090555e\" data-element_type=\"widget\" data-e-type=\"widget\" data-widget_type=\"text-editor.default\">\n\t\t\t\t\t\t\t\t\tTo become a perfume brand that embodies artistic spirit and modern individuality, remembered for refined and distinctive fragrances. \t\t\t\t\t\t\t\t<\/div>\n\t\t\t\t<\/div>\n\t\t<div class=\"elementor-element elementor-element-7d261fa e-con-full e-flex e-con e-child\" data-id=\"7d261fa\" data-element_type=\"container\" data-e-type=\"container\">\n\t\t\t\t<div class=\"elementor-element elementor-element-0459e4a elementor-widget elementor-widget-heading\" data-id=\"0459e4a\" data-element_type=\"widget\" data-e-type=\"widget\" data-widget_type=\"heading.default\">\n\t\t\t\t\t<h2 class=\"elementor-heading-title elementor-size-default\">Mission<\/h2>\t\t\t\t<\/div>\n\t\t\t\t<div class=\"elementor-element elementor-element-8354d92 elementor-widget elementor-widget-text-editor\" data-id=\"8354d92\" data-element_type=\"widget\" data-e-type=\"widget\" data-widget_type=\"text-editor.default\">\n\t\t\t\t\t\t\t\t\t<p><span style=\"font-weight: 400;\">To create fragrances with emotional value that accompany modern lifestyles.<\/span><\/p>\t\t\t\t\t\t\t\t<\/div>\n\t\t\t\t<\/div>\n\t\t<div class=\"elementor-element elementor-element-9002e09 e-con-full e-flex e-con e-child\" data-id=\"9002e09\" data-element_type=\"container\" data-e-type=\"container\">\n\t\t\t\t<div class=\"elementor-element elementor-element-2566182 elementor-widget elementor-widget-heading\" data-id=\"2566182\" data-element_type=\"widget\" data-e-type=\"widget\" data-widget_type=\"heading.default\">\n\t\t\t\t\t<h2 class=\"elementor-heading-title elementor-size-default\">Core Values<\/h2>\t\t\t\t<\/div>\n\t\t\t\t<div class=\"elementor-element elementor-element-9ef62d7 elementor-widget elementor-widget-text-editor\" data-id=\"9ef62d7\" data-element_type=\"widget\" data-e-type=\"widget\" data-widget_type=\"text-editor.default\">\n\t\t\t\t\t\t\t\t\tThe OOla Lab is guided by four core values: refinement, creativity, quality, and sustainability. Each fragrance is carefully balanced, creatively developed, and strictly controlled to ensure a long-lasting experience. \t\t\t\t\t\t\t\t<\/div>\n\t\t\t\t<\/div>\n\t\t\t\t<\/div>\n\t\t<div class=\"elementor-element elementor-element-8f76c53 e-flex e-con-boxed e-con e-parent\" data-id=\"8f76c53\" data-element_type=\"container\" data-e-type=\"container\" data-settings=\"{&quot;background_background&quot;:&quot;classic&quot;}\">\n\t\t\t\t\t<div class=\"e-con-inner\">\n\t\t\t\t<div class=\"elementor-element elementor-element-815244e elementor-widget elementor-widget-spacer\" data-id=\"815244e\" data-element_type=\"widget\" data-e-type=\"widget\" data-widget_type=\"spacer.default\">\n\t\t\t\t\t\t\t<div class=\"elementor-spacer\">\n\t\t\t<div class=\"elementor-spacer-inner\"><\/div>\n\t\t<\/div>\n\t\t\t\t\t\t<\/div>\n\t\t\t\t\t<\/div>\n\t\t\t\t<\/div>\n\t\t<div class=\"elementor-element elementor-element-bae143f e-con-full e-flex e-con e-parent\" data-id=\"bae143f\" data-element_type=\"container\" data-e-type=\"container\" data-settings=\"{&quot;background_background&quot;:&quot;classic&quot;}\">\n\t\t<div class=\"elementor-element elementor-element-3122169 e-con-full e-flex e-con e-child\" data-id=\"3122169\" data-element_type=\"container\" data-e-type=\"container\">\n\t\t\t\t<\/div>\n\t\t<div class=\"elementor-element elementor-element-f4bb88f e-con-full e-flex e-con e-child\" data-id=\"f4bb88f\" data-element_type=\"container\" data-e-type=\"container\">\n\t\t\t\t<div class=\"elementor-element elementor-element-701b125 elementor-hidden-desktop elementor-hidden-tablet elementor-hidden-mobile elementor-widget elementor-widget-text-editor\" data-id=\"701b125\" data-element_type=\"widget\" data-e-type=\"widget\" data-widget_type=\"text-editor.default\">\n\t\t\t\t\t\t\t\t\t<p>Why Choose The OOla Lab?<\/p>\t\t\t\t\t\t\t\t<\/div>\n\t\t<div class=\"elementor-element elementor-element-fefbbfd e-con-full e-flex e-con e-child\" data-id=\"fefbbfd\" data-element_type=\"container\" data-e-type=\"container\">\n\t\t\t\t<div class=\"elementor-element elementor-element-56e732a elementor-widget elementor-widget-text-editor\" data-id=\"56e732a\" data-element_type=\"widget\" data-e-type=\"widget\" data-widget_type=\"text-editor.default\">\n\t\t\t\t\t\t\t\t\tT\u1ea1i sao ch\u1ecdn \t\t\t\t\t\t\t\t<\/div>\n\t\t\t\t<div class=\"elementor-element elementor-element-5fc24f9 elementor-widget elementor-widget-text-editor\" data-id=\"5fc24f9\" data-element_type=\"widget\" data-e-type=\"widget\" data-widget_type=\"text-editor.default\">\n\t\t\t\t\t\t\t\t\tThe OOla Lab? \t\t\t\t\t\t\t\t<\/div>\n\t\t\t\t<\/div>\n\t\t\t\t<div class=\"elementor-element elementor-element-490cb3c elementor-widget elementor-widget-text-editor\" data-id=\"490cb3c\" data-element_type=\"widget\" data-e-type=\"widget\" data-widget_type=\"text-editor.default\">\n\t\t\t\t\t\t\t\t\t<p>Each fragrance at The OOla Lab is carefully researched and developed to ensure harmonious balance across fragrance notes, with stable longevity and a refined character suitable for everyday life.<\/p>\t\t\t\t\t\t\t\t<\/div>\n\t\t\t\t<\/div>\n\t\t\t\t<\/div>\n\t\t<div class=\"elementor-element elementor-element-a65bdd2 e-con-full e-flex e-con e-parent\" data-id=\"a65bdd2\" data-element_type=\"container\" data-e-type=\"container\">\n\t\t<div class=\"elementor-element elementor-element-8ba40de e-con-full e-flex e-con e-child\" data-id=\"8ba40de\" data-element_type=\"container\" data-e-type=\"container\">\n\t\t\t\t<div class=\"elementor-element elementor-element-35220fb elementor-widget elementor-widget-image\" data-id=\"35220fb\" data-element_type=\"widget\" data-e-type=\"widget\" data-widget_type=\"image.default\">\n\t\t\t\t\t\t\t\t\t\t\t\t\t\t\t<img decoding=\"async\" width=\"1024\" height=\"683\" src=\"https:\/\/new.theoolalab.com\/wp-content\/uploads\/2026\/03\/thienthanhproduction-BC-7-1-1024x683.jpg\" class=\"attachment-large size-large wp-image-805\" alt=\"\" srcset=\"https:\/\/new.theoolalab.com\/wp-content\/uploads\/2026\/03\/thienthanhproduction-BC-7-1-1024x683.jpg 1024w, https:\/\/new.theoolalab.com\/wp-content\/uploads\/2026\/03\/thienthanhproduction-BC-7-1-scaled-2000x1334.jpg 2000w, https:\/\/new.theoolalab.com\/wp-content\/uploads\/2026\/03\/thienthanhproduction-BC-7-1-300x200.jpg 300w, https:\/\/new.theoolalab.com\/wp-content\/uploads\/2026\/03\/thienthanhproduction-BC-7-1-768x512.jpg 768w, https:\/\/new.theoolalab.com\/wp-content\/uploads\/2026\/03\/thienthanhproduction-BC-7-1-1536x1024.jpg 1536w, https:\/\/new.theoolalab.com\/wp-content\/uploads\/2026\/03\/thienthanhproduction-BC-7-1-2048x1365.jpg 2048w\" sizes=\"(max-width: 1024px) 100vw, 1024px\" \/>\t\t\t\t\t\t\t\t\t\t\t\t\t\t\t<\/div>\n\t\t\t\t<\/div>\n\t\t<div class=\"elementor-element elementor-element-1c98dc6 e-con-full e-flex e-con e-child\" data-id=\"1c98dc6\" data-element_type=\"container\" data-e-type=\"container\">\n\t\t\t\t<div class=\"elementor-element elementor-element-6bc288f elementor-widget elementor-widget-text-editor\" data-id=\"6bc288f\" data-element_type=\"widget\" data-e-type=\"widget\" data-widget_type=\"text-editor.default\">\n\t\t\t\t\t\t\t\t\t<p>Every creation is strictly controlled from raw materials to finished product, ensuring consistent quality and lasting emotional value. The OOla Lab believes fragrance is not only meant to be experienced but also to express each individual\u2019s personality and lifestyle.<\/p>\t\t\t\t\t\t\t\t<\/div>\n\t\t\t\t<\/div>\n\t\t\t\t<\/div>\n\t\t<div class=\"elementor-element elementor-element-e97a03e e-flex e-con-boxed e-con e-parent\" data-id=\"e97a03e\" data-element_type=\"container\" data-e-type=\"container\">\n\t\t\t\t\t<div class=\"e-con-inner\">\n\t\t\t\t<div class=\"elementor-element elementor-element-dfacbd5 elementor-widget elementor-widget-spacer\" data-id=\"dfacbd5\" data-element_type=\"widget\" data-e-type=\"widget\" data-widget_type=\"spacer.default\">\n\t\t\t\t\t\t\t<div class=\"elementor-spacer\">\n\t\t\t<div class=\"elementor-spacer-inner\"><\/div>\n\t\t<\/div>\n\t\t\t\t\t\t<\/div>\n\t\t\t\t\t<\/div>\n\t\t\t\t<\/div>\n\t\t<div class=\"elementor-element elementor-element-892a086 e-con-full e-flex e-con e-parent\" data-id=\"892a086\" data-element_type=\"container\" data-e-type=\"container\" data-settings=\"{&quot;background_background&quot;:&quot;classic&quot;}\">\n\t\t\t\t<div class=\"elementor-element elementor-element-d2f2148 elementor-widget elementor-widget-heading\" data-id=\"d2f2148\" data-element_type=\"widget\" data-e-type=\"widget\" data-widget_type=\"heading.default\">\n\t\t\t\t\t<h2 class=\"elementor-heading-title elementor-size-default\">Contact<\/h2>\t\t\t\t<\/div>\n\t\t\t\t<div class=\"elementor-element elementor-element-fc3f1f3 elementor-widget elementor-widget-text-editor\" data-id=\"fc3f1f3\" data-element_type=\"widget\" data-e-type=\"widget\" data-widget_type=\"text-editor.default\">\n\t\t\t\t\t\t\t\t\tConnect with The OOla Lab to receive consultation and discover fragrances that match your style. The team is always ready to listen and accompany you. \t\t\t\t\t\t\t\t<\/div>\n\t\t\t\t<div class=\"elementor-element elementor-element-74e29dc elementor-align-center elementor-widget elementor-widget-button\" data-id=\"74e29dc\" data-element_type=\"widget\" data-e-type=\"widget\" data-widget_type=\"button.default\">\n\t\t\t\t\t\t\t\t\t\t<a class=\"elementor-button elementor-button-link elementor-size-sm\" href=\"https:\/\/new.theoolalab.com\/en\/lien-he\/\">\n\t\t\t\t\t\t<span class=\"elementor-button-content-wrapper\">\n\t\t\t\t\t\t\t\t\t<span class=\"elementor-button-text\">Contact Now<\/span>\n\t\t\t\t\t<\/span>\n\t\t\t\t\t<\/a>\n\t\t\t\t\t\t\t\t<\/div>\n\t\t\t\t<\/div>\n\t\t\t\t<\/div>","protected":false},"excerpt":{"rendered":"<p>V\u1ec1 Ch\u00fang T\u00f4i C\u00e2u Chuy\u1ec7n Th\u01b0\u01a1ng Hi\u1ec7u The OOla Lab kh\u00f4ng \u0111\u01b0\u1ee3c sinh ra t\u1eeb m\u1ed9t k\u1ebf ho\u1ea1ch kinh doanh ho\u00e0n h\u1ea3o.Th\u01b0\u01a1ng hi\u1ec7u b\u1eaft \u0111\u1ea7u t\u1eeb m\u1ed9t kh\u00e1t khao l\u00e0 \u0111\u01b0a th\u1ebf gi\u1edbi m\u00f9i h\u01b0\u01a1ng \u2013 v\u1ed1n \u0111\u01b0\u1ee3c xem l\u00e0 xa x\u1ec9 v\u00e0 kh\u00f3 ti\u1ebfp c\u1eadn \u2013 tr\u1edf n\u00ean g\u1ea7n g\u0169i h\u01a1n v\u1edbi ng\u01b0\u1eddi Vi\u1ec7t&#8230;.<\/p>","protected":false},"author":1,"featured_media":0,"parent":0,"menu_order":0,"comment_status":"closed","ping_status":"closed","template":"","meta":{"_kad_post_transparent":"","_kad_post_title":"hide","_kad_post_layout":"fullwidth","_kad_post_sidebar_id":"","_kad_post_content_style":"unboxed","_kad_post_vertical_padding":"hide","_kad_post_feature":"hide","_kad_post_feature_position":"","_kad_post_header":false,"_kad_post_footer":false,"_kad_post_classname":"","footnotes":""},"class_list":["post-65","page","type-page","status-publish","hentry"],"_links":{"self":[{"href":"https:\/\/new.theoolalab.com\/en\/wp-json\/wp\/v2\/pages\/65","targetHints":{"allow":["GET"]}}],"collection":[{"href":"https:\/\/new.theoolalab.com\/en\/wp-json\/wp\/v2\/pages"}],"about":[{"href":"https:\/\/new.theoolalab.com\/en\/wp-json\/wp\/v2\/types\/page"}],"author":[{"embeddable":true,"href":"https:\/\/new.theoolalab.com\/en\/wp-json\/wp\/v2\/users\/1"}],"replies":[{"embeddable":true,"href":"https:\/\/new.theoolalab.com\/en\/wp-json\/wp\/v2\/comments?post=65"}],"version-history":[{"count":241,"href":"https:\/\/new.theoolalab.com\/en\/wp-json\/wp\/v2\/pages\/65\/revisions"}],"predecessor-version":[{"id":1871,"href":"https:\/\/new.theoolalab.com\/en\/wp-json\/wp\/v2\/pages\/65\/revisions\/1871"}],"wp:attachment":[{"href":"https:\/\/new.theoolalab.com\/en\/wp-json\/wp\/v2\/media?parent=65"}],"curies":[{"name":"wp","href":"https:\/\/api.w.org\/{rel}","templated":true}]}}