{"id":1293,"date":"2026-03-13T23:40:24","date_gmt":"2026-03-13T23:40:24","guid":{"rendered":"https:\/\/new.theoolalab.com\/?post_type=product&#038;p=1293"},"modified":"2026-03-27T10:27:55","modified_gmt":"2026-03-27T10:27:55","slug":"daily-01","status":"publish","type":"product","link":"https:\/\/new.theoolalab.com\/en\/product\/daily-01\/","title":{"rendered":"DAILY 01"},"content":{"rendered":"<p>D01 evokes the sensation of skin gently wrapped in a refined scent. White musk and cedarwood create a soft and smooth foundation, while bergamot introduces a light freshness. Subtle touches of jasmine and guaiac wood add depth, resulting in a fragrance that feels elegant, clean, and naturally balanced.<\/p>","protected":false},"excerpt":{"rendered":"<p>D01 g\u1ee3i c\u1ea3m gi\u00e1c nh\u01b0 l\u00e0n da \u0111\u01b0\u1ee3c n\u00e2ng niu b\u1edfi m\u1ed9t l\u1edbp h\u01b0\u01a1ng tinh t\u1ebf. X\u1ea1 h\u01b0\u01a1ng tr\u1eafng v\u00e0 g\u1ed7 tuy\u1ebft t\u00f9ng t\u1ea1o n\u00ean s\u1ef1 m\u1ec1m m\u1ea1i, trong khi cam bergamot mang l\u1ea1i n\u00e9t t\u01b0\u01a1i tho\u00e1ng. Hoa nh\u00e0i v\u00e0 g\u1ed7 guaiac xu\u1ea5t hi\u1ec7n nh\u1eb9 nh\u00e0ng, gi\u00fap m\u00f9i h\u01b0\u01a1ng tr\u1edf n\u00ean thanh l\u1ecbch v\u00e0 t\u1ef1&#8230;<\/p>","protected":false},"featured_media":1750,"comment_status":"open","ping_status":"closed","template":"","meta":{"_kad_post_transparent":"default","_kad_post_title":"","_kad_post_layout":"default","_kad_post_sidebar_id":"","_kad_post_content_style":"default","_kad_post_vertical_padding":"default","_kad_post_feature":"","_kad_post_feature_position":"","_kad_post_header":false,"_kad_post_footer":false,"_kad_post_classname":""},"product_brand":[],"product_cat":[28],"product_tag":[],"class_list":{"0":"post-1293","1":"product","2":"type-product","3":"status-publish","4":"has-post-thumbnail","6":"product_cat-daily","8":"first","9":"instock","10":"shipping-taxable","11":"purchasable","12":"product-type-variable","13":"entry","14":"content-bg","15":"loop-entry"},"_links":{"self":[{"href":"https:\/\/new.theoolalab.com\/en\/wp-json\/wp\/v2\/product\/1293","targetHints":{"allow":["GET"]}}],"collection":[{"href":"https:\/\/new.theoolalab.com\/en\/wp-json\/wp\/v2\/product"}],"about":[{"href":"https:\/\/new.theoolalab.com\/en\/wp-json\/wp\/v2\/types\/product"}],"replies":[{"embeddable":true,"href":"https:\/\/new.theoolalab.com\/en\/wp-json\/wp\/v2\/comments?post=1293"}],"wp:featuredmedia":[{"embeddable":true,"href":"https:\/\/new.theoolalab.com\/en\/wp-json\/wp\/v2\/media\/1750"}],"wp:attachment":[{"href":"https:\/\/new.theoolalab.com\/en\/wp-json\/wp\/v2\/media?parent=1293"}],"wp:term":[{"taxonomy":"product_brand","embeddable":true,"href":"https:\/\/new.theoolalab.com\/en\/wp-json\/wp\/v2\/product_brand?post=1293"},{"taxonomy":"product_cat","embeddable":true,"href":"https:\/\/new.theoolalab.com\/en\/wp-json\/wp\/v2\/product_cat?post=1293"},{"taxonomy":"product_tag","embeddable":true,"href":"https:\/\/new.theoolalab.com\/en\/wp-json\/wp\/v2\/product_tag?post=1293"}],"curies":[{"name":"wp","href":"https:\/\/api.w.org\/{rel}","templated":true}]}}