{"id":1311,"date":"2026-03-14T00:07:43","date_gmt":"2026-03-14T00:07:43","guid":{"rendered":"https:\/\/new.theoolalab.com\/?post_type=product&#038;p=1311"},"modified":"2026-03-27T10:27:10","modified_gmt":"2026-03-27T10:27:10","slug":"daily-04","status":"publish","type":"product","link":"https:\/\/new.theoolalab.com\/en\/product\/daily-04\/","title":{"rendered":"DAILY 04"},"content":{"rendered":"<p><span data-sheets-root=\"1\">D04 opens with lavender blended with pear and citrus, creating a fresh profile with a subtle sweetness. The heart introduces clove, adding a gentle warmth and slight spice that sharpens the composition. Sandalwood forms the base, providing a smooth and warm foundation that feels balanced, clean, and quietly elegant.<\/span><\/p>","protected":false},"excerpt":{"rendered":"<p>D04 m\u1edf \u0111\u1ea7u v\u1edbi o\u1ea3i h\u01b0\u01a1ng k\u1ebft h\u1ee3p c\u00f9ng l\u00ea v\u00e0 cam qu\u00fdt, mang l\u1ea1i c\u1ea3m gi\u00e1c t\u01b0\u01a1i m\u00e1t v\u00e0 h\u01a1i ng\u1ecdt nh\u1eb9. L\u1edbp h\u01b0\u01a1ng gi\u1eefa c\u00f3 \u0111inh h\u01b0\u01a1ng t\u1ea1o \u0111i\u1ec3m nh\u1ea5n \u1ea5m nh\u1eb9 v\u00e0 h\u01a1i cay, gi\u00fap m\u00f9i h\u01b0\u01a1ng tr\u1edf n\u00ean r\u00f5 n\u00e9t h\u01a1n. T\u1ea7ng cu\u1ed1i g\u1ed7 \u0111\u00e0n h\u01b0\u01a1ng mang l\u1ea1i n\u1ec1n h\u01b0\u01a1ng \u1ea5m&#8230;<\/p>","protected":false},"featured_media":1757,"comment_status":"open","ping_status":"closed","template":"","meta":{"_kad_post_transparent":"default","_kad_post_title":"","_kad_post_layout":"default","_kad_post_sidebar_id":"","_kad_post_content_style":"default","_kad_post_vertical_padding":"default","_kad_post_feature":"","_kad_post_feature_position":"","_kad_post_header":false,"_kad_post_footer":false,"_kad_post_classname":""},"product_brand":[],"product_cat":[28],"product_tag":[],"class_list":{"0":"post-1311","1":"product","2":"type-product","3":"status-publish","4":"has-post-thumbnail","6":"product_cat-daily","8":"first","9":"instock","10":"shipping-taxable","11":"purchasable","12":"product-type-variable","13":"entry","14":"content-bg","15":"loop-entry"},"_links":{"self":[{"href":"https:\/\/new.theoolalab.com\/en\/wp-json\/wp\/v2\/product\/1311","targetHints":{"allow":["GET"]}}],"collection":[{"href":"https:\/\/new.theoolalab.com\/en\/wp-json\/wp\/v2\/product"}],"about":[{"href":"https:\/\/new.theoolalab.com\/en\/wp-json\/wp\/v2\/types\/product"}],"replies":[{"embeddable":true,"href":"https:\/\/new.theoolalab.com\/en\/wp-json\/wp\/v2\/comments?post=1311"}],"wp:featuredmedia":[{"embeddable":true,"href":"https:\/\/new.theoolalab.com\/en\/wp-json\/wp\/v2\/media\/1757"}],"wp:attachment":[{"href":"https:\/\/new.theoolalab.com\/en\/wp-json\/wp\/v2\/media?parent=1311"}],"wp:term":[{"taxonomy":"product_brand","embeddable":true,"href":"https:\/\/new.theoolalab.com\/en\/wp-json\/wp\/v2\/product_brand?post=1311"},{"taxonomy":"product_cat","embeddable":true,"href":"https:\/\/new.theoolalab.com\/en\/wp-json\/wp\/v2\/product_cat?post=1311"},{"taxonomy":"product_tag","embeddable":true,"href":"https:\/\/new.theoolalab.com\/en\/wp-json\/wp\/v2\/product_tag?post=1311"}],"curies":[{"name":"wp","href":"https:\/\/api.w.org\/{rel}","templated":true}]}}