{"id":1314,"date":"2026-03-14T00:13:48","date_gmt":"2026-03-14T00:13:48","guid":{"rendered":"https:\/\/new.theoolalab.com\/?post_type=product&#038;p=1314"},"modified":"2026-03-27T10:27:08","modified_gmt":"2026-03-27T10:27:08","slug":"daily-05","status":"publish","type":"product","link":"https:\/\/new.theoolalab.com\/en\/product\/daily-05\/","title":{"rendered":"DAILY 05"},"content":{"rendered":"<p><span data-sheets-root=\"1\">D05 m\u1edf \u0111\u1ea7u v\u1edbi hoa violet k\u1ebft h\u1ee3p c\u00f9ng h\u01b0\u01a1ng chanh nh\u1eb9, t\u1ea1o c\u1ea3m gi\u00e1c t\u01b0\u01a1i v\u00e0 h\u01a1i ph\u1ea5n. M\u00f9i h\u01b0\u01a1ng sau \u0111\u00f3 chuy\u1ec3n d\u1ea7n sang n\u1ec1n g\u1ed7 tuy\u1ebft t\u00f9ng v\u00e0 g\u1ed7 guaiac mang c\u1ea3m gi\u00e1c kh\u00f4, \u1ea5m v\u00e0 r\u00f5 n\u00e9t. H\u1ed5 ph\u00e1ch v\u00e0 x\u1ea1 h\u01b0\u01a1ng gi\u00fap t\u1ed5ng th\u1ec3 tr\u1edf n\u00ean m\u1ec1m m\u1ea1i, s\u1ea1ch v\u00e0 d\u1ec5 ch\u1ecbu, t\u1ea1o n\u00ean m\u00f9i h\u01b0\u01a1ng thanh l\u1ecbch v\u00e0 kh\u00e1 tr\u1ea7m \u1ea5m.<br \/>\n<\/span><\/p>","protected":false},"excerpt":{"rendered":"<p>D05 m\u1edf \u0111\u1ea7u v\u1edbi hoa violet k\u1ebft h\u1ee3p c\u00f9ng h\u01b0\u01a1ng chanh nh\u1eb9, t\u1ea1o c\u1ea3m gi\u00e1c t\u01b0\u01a1i v\u00e0 h\u01a1i ph\u1ea5n. M\u00f9i h\u01b0\u01a1ng sau \u0111\u00f3 chuy\u1ec3n d\u1ea7n sang n\u1ec1n g\u1ed7 tuy\u1ebft t\u00f9ng v\u00e0 g\u1ed7 guaiac mang c\u1ea3m gi\u00e1c kh\u00f4, \u1ea5m v\u00e0 r\u00f5 n\u00e9t. H\u1ed5 ph\u00e1ch v\u00e0 x\u1ea1 h\u01b0\u01a1ng gi\u00fap t\u1ed5ng th\u1ec3 tr\u1edf n\u00ean m\u1ec1m m\u1ea1i, s\u1ea1ch v\u00e0&#8230;<\/p>","protected":false},"featured_media":1759,"comment_status":"open","ping_status":"closed","template":"","meta":{"_kad_post_transparent":"default","_kad_post_title":"","_kad_post_layout":"default","_kad_post_sidebar_id":"","_kad_post_content_style":"default","_kad_post_vertical_padding":"default","_kad_post_feature":"","_kad_post_feature_position":"","_kad_post_header":false,"_kad_post_footer":false,"_kad_post_classname":""},"product_brand":[],"product_cat":[28],"product_tag":[],"class_list":{"0":"post-1314","1":"product","2":"type-product","3":"status-publish","4":"has-post-thumbnail","6":"product_cat-daily","8":"first","9":"instock","10":"shipping-taxable","11":"purchasable","12":"product-type-variable","13":"entry","14":"content-bg","15":"loop-entry"},"_links":{"self":[{"href":"https:\/\/new.theoolalab.com\/en\/wp-json\/wp\/v2\/product\/1314","targetHints":{"allow":["GET"]}}],"collection":[{"href":"https:\/\/new.theoolalab.com\/en\/wp-json\/wp\/v2\/product"}],"about":[{"href":"https:\/\/new.theoolalab.com\/en\/wp-json\/wp\/v2\/types\/product"}],"replies":[{"embeddable":true,"href":"https:\/\/new.theoolalab.com\/en\/wp-json\/wp\/v2\/comments?post=1314"}],"wp:featuredmedia":[{"embeddable":true,"href":"https:\/\/new.theoolalab.com\/en\/wp-json\/wp\/v2\/media\/1759"}],"wp:attachment":[{"href":"https:\/\/new.theoolalab.com\/en\/wp-json\/wp\/v2\/media?parent=1314"}],"wp:term":[{"taxonomy":"product_brand","embeddable":true,"href":"https:\/\/new.theoolalab.com\/en\/wp-json\/wp\/v2\/product_brand?post=1314"},{"taxonomy":"product_cat","embeddable":true,"href":"https:\/\/new.theoolalab.com\/en\/wp-json\/wp\/v2\/product_cat?post=1314"},{"taxonomy":"product_tag","embeddable":true,"href":"https:\/\/new.theoolalab.com\/en\/wp-json\/wp\/v2\/product_tag?post=1314"}],"curies":[{"name":"wp","href":"https:\/\/api.w.org\/{rel}","templated":true}]}}