{"id":1320,"date":"2026-03-14T00:50:54","date_gmt":"2026-03-14T00:50:54","guid":{"rendered":"https:\/\/new.theoolalab.com\/?post_type=product&#038;p=1320"},"modified":"2026-03-27T10:26:50","modified_gmt":"2026-03-27T10:26:50","slug":"daily-07","status":"publish","type":"product","link":"https:\/\/new.theoolalab.com\/en\/product\/daily-07\/","title":{"rendered":"DAILY 07"},"content":{"rendered":"<p><span data-sheets-root=\"1\">D07 opens with citrus and bergamot layered with marine and herbal notes, producing a fresh, clean, and airy introduction. The composition gradually deepens into a warm base of ambergris, sandalwood, and leather, bringing a slightly salty, masculine nuance. Civet enriches the foundation, adding density and depth that give the fragrance a refined yet expansive character.<\/span><\/p>","protected":false},"excerpt":{"rendered":"<p>D07 m\u1edf \u0111\u1ea7u v\u1edbi cam chanh v\u00e0 cam bergamote k\u1ebft h\u1ee3p h\u01b0\u01a1ng bi\u1ec3n v\u00e0 th\u1ea3o m\u1ed9c, t\u1ea1o c\u1ea3m gi\u00e1c t\u01b0\u01a1i m\u00e1t, s\u1ea1ch v\u00e0 tho\u00e1ng. M\u00f9i h\u01b0\u01a1ng sau \u0111\u00f3 chuy\u1ec3n d\u1ea7n sang n\u1ec1n tr\u1ea7m \u1ea5m v\u1edbi long di\u00ean h\u01b0\u01a1ng, g\u1ed7 \u0111\u00e0n h\u01b0\u01a1ng v\u00e0 da thu\u1ed9c, mang l\u1ea1i c\u1ea3m gi\u00e1c s\u00e2u, h\u01a1i m\u1eb7n v\u00e0 nam t\u00ednh. C\u1ea7y&#8230;<\/p>","protected":false},"featured_media":1763,"comment_status":"open","ping_status":"closed","template":"","meta":{"_kad_post_transparent":"default","_kad_post_title":"","_kad_post_layout":"default","_kad_post_sidebar_id":"","_kad_post_content_style":"default","_kad_post_vertical_padding":"default","_kad_post_feature":"","_kad_post_feature_position":"","_kad_post_header":false,"_kad_post_footer":false,"_kad_post_classname":""},"product_brand":[],"product_cat":[28],"product_tag":[],"class_list":{"0":"post-1320","1":"product","2":"type-product","3":"status-publish","4":"has-post-thumbnail","6":"product_cat-daily","8":"first","9":"instock","10":"shipping-taxable","11":"purchasable","12":"product-type-variable","13":"entry","14":"content-bg","15":"loop-entry"},"_links":{"self":[{"href":"https:\/\/new.theoolalab.com\/en\/wp-json\/wp\/v2\/product\/1320","targetHints":{"allow":["GET"]}}],"collection":[{"href":"https:\/\/new.theoolalab.com\/en\/wp-json\/wp\/v2\/product"}],"about":[{"href":"https:\/\/new.theoolalab.com\/en\/wp-json\/wp\/v2\/types\/product"}],"replies":[{"embeddable":true,"href":"https:\/\/new.theoolalab.com\/en\/wp-json\/wp\/v2\/comments?post=1320"}],"wp:featuredmedia":[{"embeddable":true,"href":"https:\/\/new.theoolalab.com\/en\/wp-json\/wp\/v2\/media\/1763"}],"wp:attachment":[{"href":"https:\/\/new.theoolalab.com\/en\/wp-json\/wp\/v2\/media?parent=1320"}],"wp:term":[{"taxonomy":"product_brand","embeddable":true,"href":"https:\/\/new.theoolalab.com\/en\/wp-json\/wp\/v2\/product_brand?post=1320"},{"taxonomy":"product_cat","embeddable":true,"href":"https:\/\/new.theoolalab.com\/en\/wp-json\/wp\/v2\/product_cat?post=1320"},{"taxonomy":"product_tag","embeddable":true,"href":"https:\/\/new.theoolalab.com\/en\/wp-json\/wp\/v2\/product_tag?post=1320"}],"curies":[{"name":"wp","href":"https:\/\/api.w.org\/{rel}","templated":true}]}}