{"id":1323,"date":"2026-03-14T00:56:59","date_gmt":"2026-03-14T00:56:59","guid":{"rendered":"https:\/\/new.theoolalab.com\/?post_type=product&#038;p=1323"},"modified":"2026-03-27T10:26:43","modified_gmt":"2026-03-27T10:26:43","slug":"daily-08","status":"publish","type":"product","link":"https:\/\/new.theoolalab.com\/en\/product\/daily-08\/","title":{"rendered":"DAILY 08"},"content":{"rendered":"<p><span data-sheets-root=\"1\">D08 opens with a luminous and airy character where aldehydes blend with the crisp softness of pear and white florals, creating a clear and refined impression. Iris introduces a smooth powdery texture, while the woody base adds depth and structure. The result is a fragrance that feels polished and elegant, expressing a classic aesthetic interpreted through a modern lens.<\/span><\/p>","protected":false},"excerpt":{"rendered":"<p>D8 m\u1edf ra v\u1edbi c\u1ea3m gi\u00e1c s\u00e1ng v\u00e0 tho\u00e1ng, n\u01a1i n\u1ed1t Aldehyde h\u00f2a c\u00f9ng v\u1ecb thanh nh\u1eb9 c\u1ee7a l\u00ea v\u00e0 hoa tr\u1eafng, t\u1ea1o n\u00ean t\u1ed5ng th\u1ec3 trong tr\u1ebbo v\u00e0 tinh t\u1ebf. Hoa di\u00ean v\u0129 k\u1ebft h\u1ee3p c\u00f9ng g\u1ed7 \u1edf t\u1ea7ng cu\u1ed1i mang l\u1ea1i k\u1ebft c\u1ea5u m\u1ecbn m\u00e0ng, \u00eam \u00e1i, g\u1ee3i l\u00ean v\u1ebb \u0111\u1eb9p c\u1ed5 \u0111i\u1ec3n&#8230;<\/p>","protected":false},"featured_media":1765,"comment_status":"open","ping_status":"closed","template":"","meta":{"_kad_post_transparent":"default","_kad_post_title":"","_kad_post_layout":"default","_kad_post_sidebar_id":"","_kad_post_content_style":"default","_kad_post_vertical_padding":"default","_kad_post_feature":"","_kad_post_feature_position":"","_kad_post_header":false,"_kad_post_footer":false,"_kad_post_classname":""},"product_brand":[],"product_cat":[28],"product_tag":[],"class_list":{"0":"post-1323","1":"product","2":"type-product","3":"status-publish","4":"has-post-thumbnail","6":"product_cat-daily","8":"first","9":"instock","10":"shipping-taxable","11":"purchasable","12":"product-type-variable","13":"entry","14":"content-bg","15":"loop-entry"},"_links":{"self":[{"href":"https:\/\/new.theoolalab.com\/en\/wp-json\/wp\/v2\/product\/1323","targetHints":{"allow":["GET"]}}],"collection":[{"href":"https:\/\/new.theoolalab.com\/en\/wp-json\/wp\/v2\/product"}],"about":[{"href":"https:\/\/new.theoolalab.com\/en\/wp-json\/wp\/v2\/types\/product"}],"replies":[{"embeddable":true,"href":"https:\/\/new.theoolalab.com\/en\/wp-json\/wp\/v2\/comments?post=1323"}],"wp:featuredmedia":[{"embeddable":true,"href":"https:\/\/new.theoolalab.com\/en\/wp-json\/wp\/v2\/media\/1765"}],"wp:attachment":[{"href":"https:\/\/new.theoolalab.com\/en\/wp-json\/wp\/v2\/media?parent=1323"}],"wp:term":[{"taxonomy":"product_brand","embeddable":true,"href":"https:\/\/new.theoolalab.com\/en\/wp-json\/wp\/v2\/product_brand?post=1323"},{"taxonomy":"product_cat","embeddable":true,"href":"https:\/\/new.theoolalab.com\/en\/wp-json\/wp\/v2\/product_cat?post=1323"},{"taxonomy":"product_tag","embeddable":true,"href":"https:\/\/new.theoolalab.com\/en\/wp-json\/wp\/v2\/product_tag?post=1323"}],"curies":[{"name":"wp","href":"https:\/\/api.w.org\/{rel}","templated":true}]}}