{"id":1339,"date":"2026-03-14T01:13:18","date_gmt":"2026-03-14T01:13:18","guid":{"rendered":"https:\/\/new.theoolalab.com\/?post_type=product&#038;p=1339"},"modified":"2026-03-27T10:25:10","modified_gmt":"2026-03-27T10:25:10","slug":"daily-13","status":"publish","type":"product","link":"https:\/\/new.theoolalab.com\/en\/product\/daily-13\/","title":{"rendered":"DAILY 13"},"content":{"rendered":"<p><span data-sheets-root=\"1\">D13 opens with bergamot combined with tea and cardamom, creating a fresh profile with a gentle warm accent. The heart introduces violet and iris, adding a light powdery texture, softened by a subtle pastry-like sweetness that rounds the composition. As the scent settles, musk and amber form a clean and warm base, giving the fragrance a smooth, refined, and quietly comforting character.<\/span><\/p>","protected":false},"excerpt":{"rendered":"<p>D13 m\u1edf \u0111\u1ea7u v\u1edbi cam bergamote k\u1ebft h\u1ee3p tr\u00e0 v\u00e0 b\u1ea1ch \u0111\u1eadu kh\u1ea5u, t\u1ea1o c\u1ea3m gi\u00e1c t\u01b0\u01a1i m\u00e1t v\u00e0 h\u01a1i \u1ea5m nh\u1eb9. L\u1edbp h\u01b0\u01a1ng gi\u1eefa c\u00f3 violet v\u00e0 di\u00ean v\u0129 mang c\u1ea3m gi\u00e1c ph\u1ea5n nh\u1eb9, h\u00f2a c\u00f9ng ch\u00fat ng\u1ecdt c\u1ee7a b\u00e1nh gi\u00fap m\u00f9i h\u01b0\u01a1ng tr\u1edf n\u00ean m\u1ec1m m\u1ea1i h\u01a1n. Khi l\u1eafng xu\u1ed1ng, x\u1ea1 h\u01b0\u01a1ng v\u00e0&#8230;<\/p>","protected":false},"featured_media":1776,"comment_status":"open","ping_status":"closed","template":"","meta":{"_kad_post_transparent":"default","_kad_post_title":"","_kad_post_layout":"default","_kad_post_sidebar_id":"","_kad_post_content_style":"default","_kad_post_vertical_padding":"default","_kad_post_feature":"","_kad_post_feature_position":"","_kad_post_header":false,"_kad_post_footer":false,"_kad_post_classname":""},"product_brand":[],"product_cat":[28],"product_tag":[],"class_list":{"0":"post-1339","1":"product","2":"type-product","3":"status-publish","4":"has-post-thumbnail","6":"product_cat-daily","8":"first","9":"instock","10":"shipping-taxable","11":"purchasable","12":"product-type-variable","13":"entry","14":"content-bg","15":"loop-entry"},"_links":{"self":[{"href":"https:\/\/new.theoolalab.com\/en\/wp-json\/wp\/v2\/product\/1339","targetHints":{"allow":["GET"]}}],"collection":[{"href":"https:\/\/new.theoolalab.com\/en\/wp-json\/wp\/v2\/product"}],"about":[{"href":"https:\/\/new.theoolalab.com\/en\/wp-json\/wp\/v2\/types\/product"}],"replies":[{"embeddable":true,"href":"https:\/\/new.theoolalab.com\/en\/wp-json\/wp\/v2\/comments?post=1339"}],"wp:featuredmedia":[{"embeddable":true,"href":"https:\/\/new.theoolalab.com\/en\/wp-json\/wp\/v2\/media\/1776"}],"wp:attachment":[{"href":"https:\/\/new.theoolalab.com\/en\/wp-json\/wp\/v2\/media?parent=1339"}],"wp:term":[{"taxonomy":"product_brand","embeddable":true,"href":"https:\/\/new.theoolalab.com\/en\/wp-json\/wp\/v2\/product_brand?post=1339"},{"taxonomy":"product_cat","embeddable":true,"href":"https:\/\/new.theoolalab.com\/en\/wp-json\/wp\/v2\/product_cat?post=1339"},{"taxonomy":"product_tag","embeddable":true,"href":"https:\/\/new.theoolalab.com\/en\/wp-json\/wp\/v2\/product_tag?post=1339"}],"curies":[{"name":"wp","href":"https:\/\/api.w.org\/{rel}","templated":true}]}}