{"id":1346,"date":"2026-03-14T01:19:01","date_gmt":"2026-03-14T01:19:01","guid":{"rendered":"https:\/\/new.theoolalab.com\/?post_type=product&#038;p=1346"},"modified":"2026-03-27T10:24:59","modified_gmt":"2026-03-27T10:24:59","slug":"daily-15","status":"publish","type":"product","link":"https:\/\/new.theoolalab.com\/en\/product\/daily-15\/","title":{"rendered":"DAILY 15"},"content":{"rendered":"<p><span data-sheets-root=\"1\">D15 opens with bright citrus layered with the richness of coffee, producing a contrast that feels both light and immediately engaging. The heart reveals soft white florals accented by warm spices and cardamom, adding depth and refinement to the composition. As the fragrance settles, cocoa, vanilla, and chocolate unfold gradually, leaving a smooth, warm sweetness that feels comforting and quietly indulgent.<br \/>\n<\/span><\/p>","protected":false},"excerpt":{"rendered":"<p>D15 m\u1edf \u0111\u1ea7u v\u1edbi h\u01b0\u01a1ng cam qu\u00fdt t\u01b0\u01a1i s\u00e1ng h\u00f2a c\u00f9ng n\u00e9t \u0111\u1eadm \u0111\u00e0 c\u1ee7a c\u00e0 ph\u00ea, t\u1ea1o n\u00ean c\u1ea3m gi\u00e1c nh\u1eb9 nh\u00e0ng nh\u01b0ng \u0111\u1ea7y cu\u1ed1n h\u00fat. L\u1edbp h\u01b0\u01a1ng gi\u1eefa d\u1ea7n hi\u1ec7n ra v\u1edbi hoa tr\u1eafng m\u1ec1m m\u1ea1i, \u0111i\u1ec3m xuy\u1ebft gia v\u1ecb \u1ea5m v\u00e0 b\u1ea1ch \u0111\u1eadu kh\u1ea5u, mang l\u1ea1i chi\u1ec1u s\u00e2u tinh t\u1ebf. Khi l\u1eafng&#8230;<\/p>","protected":false},"featured_media":1781,"comment_status":"open","ping_status":"closed","template":"","meta":{"_kad_post_transparent":"default","_kad_post_title":"","_kad_post_layout":"default","_kad_post_sidebar_id":"","_kad_post_content_style":"default","_kad_post_vertical_padding":"default","_kad_post_feature":"","_kad_post_feature_position":"","_kad_post_header":false,"_kad_post_footer":false,"_kad_post_classname":""},"product_brand":[],"product_cat":[28],"product_tag":[],"class_list":{"0":"post-1346","1":"product","2":"type-product","3":"status-publish","4":"has-post-thumbnail","6":"product_cat-daily","8":"first","9":"instock","10":"shipping-taxable","11":"purchasable","12":"product-type-variable","13":"entry","14":"content-bg","15":"loop-entry"},"_links":{"self":[{"href":"https:\/\/new.theoolalab.com\/en\/wp-json\/wp\/v2\/product\/1346","targetHints":{"allow":["GET"]}}],"collection":[{"href":"https:\/\/new.theoolalab.com\/en\/wp-json\/wp\/v2\/product"}],"about":[{"href":"https:\/\/new.theoolalab.com\/en\/wp-json\/wp\/v2\/types\/product"}],"replies":[{"embeddable":true,"href":"https:\/\/new.theoolalab.com\/en\/wp-json\/wp\/v2\/comments?post=1346"}],"wp:featuredmedia":[{"embeddable":true,"href":"https:\/\/new.theoolalab.com\/en\/wp-json\/wp\/v2\/media\/1781"}],"wp:attachment":[{"href":"https:\/\/new.theoolalab.com\/en\/wp-json\/wp\/v2\/media?parent=1346"}],"wp:term":[{"taxonomy":"product_brand","embeddable":true,"href":"https:\/\/new.theoolalab.com\/en\/wp-json\/wp\/v2\/product_brand?post=1346"},{"taxonomy":"product_cat","embeddable":true,"href":"https:\/\/new.theoolalab.com\/en\/wp-json\/wp\/v2\/product_cat?post=1346"},{"taxonomy":"product_tag","embeddable":true,"href":"https:\/\/new.theoolalab.com\/en\/wp-json\/wp\/v2\/product_tag?post=1346"}],"curies":[{"name":"wp","href":"https:\/\/api.w.org\/{rel}","templated":true}]}}