{"id":1356,"date":"2026-03-14T01:25:43","date_gmt":"2026-03-14T01:25:43","guid":{"rendered":"https:\/\/new.theoolalab.com\/?post_type=product&#038;p=1356"},"modified":"2026-03-27T10:22:28","modified_gmt":"2026-03-27T10:22:28","slug":"daily-18","status":"publish","type":"product","link":"https:\/\/new.theoolalab.com\/en\/product\/daily-18\/","title":{"rendered":"DAILY 18"},"content":{"rendered":"<p><span data-sheets-root=\"1\">D18 opens with citrus blended with marine and herbal notes, creating a fresh and airy introduction. The heart reveals white florals layered with honey and warm spices, bringing a soft texture with a gentle sweetness. As the scent settles, cedarwood, vetiver, and cocoa build a warm and slightly deep foundation, giving the fragrance a comforting woody character with subtle oriental richness.<\/span><\/p>","protected":false},"excerpt":{"rendered":"<p>D18 m\u1edf \u0111\u1ea7u v\u1edbi cam chanh k\u1ebft h\u1ee3p h\u01b0\u01a1ng n\u01b0\u1edbc bi\u1ec3n v\u00e0 th\u1ea3o m\u1ed9c, t\u1ea1o c\u1ea3m gi\u00e1c t\u01b0\u01a1i m\u00e1t v\u00e0 tho\u00e1ng. L\u1edbp h\u01b0\u01a1ng gi\u1eefa c\u00f3 hoa tr\u1eafng c\u00f9ng m\u1eadt ong v\u00e0 gia v\u1ecb \u1ea5m, mang l\u1ea1i c\u1ea3m gi\u00e1c m\u1ec1m m\u1ea1i v\u00e0 h\u01a1i ng\u1ecdt nh\u1eb9. Khi l\u1eafng xu\u1ed1ng, g\u1ed7 tuy\u1ebft t\u00f9ng, c\u1ecf h\u01b0\u01a1ng b\u00e0i v\u00e0 ca&#8230;<\/p>","protected":false},"featured_media":1787,"comment_status":"open","ping_status":"closed","template":"","meta":{"_kad_post_transparent":"default","_kad_post_title":"","_kad_post_layout":"default","_kad_post_sidebar_id":"","_kad_post_content_style":"default","_kad_post_vertical_padding":"default","_kad_post_feature":"","_kad_post_feature_position":"","_kad_post_header":false,"_kad_post_footer":false,"_kad_post_classname":""},"product_brand":[],"product_cat":[28],"product_tag":[],"class_list":{"0":"post-1356","1":"product","2":"type-product","3":"status-publish","4":"has-post-thumbnail","6":"product_cat-daily","8":"first","9":"instock","10":"shipping-taxable","11":"purchasable","12":"product-type-variable","13":"entry","14":"content-bg","15":"loop-entry"},"_links":{"self":[{"href":"https:\/\/new.theoolalab.com\/en\/wp-json\/wp\/v2\/product\/1356","targetHints":{"allow":["GET"]}}],"collection":[{"href":"https:\/\/new.theoolalab.com\/en\/wp-json\/wp\/v2\/product"}],"about":[{"href":"https:\/\/new.theoolalab.com\/en\/wp-json\/wp\/v2\/types\/product"}],"replies":[{"embeddable":true,"href":"https:\/\/new.theoolalab.com\/en\/wp-json\/wp\/v2\/comments?post=1356"}],"wp:featuredmedia":[{"embeddable":true,"href":"https:\/\/new.theoolalab.com\/en\/wp-json\/wp\/v2\/media\/1787"}],"wp:attachment":[{"href":"https:\/\/new.theoolalab.com\/en\/wp-json\/wp\/v2\/media?parent=1356"}],"wp:term":[{"taxonomy":"product_brand","embeddable":true,"href":"https:\/\/new.theoolalab.com\/en\/wp-json\/wp\/v2\/product_brand?post=1356"},{"taxonomy":"product_cat","embeddable":true,"href":"https:\/\/new.theoolalab.com\/en\/wp-json\/wp\/v2\/product_cat?post=1356"},{"taxonomy":"product_tag","embeddable":true,"href":"https:\/\/new.theoolalab.com\/en\/wp-json\/wp\/v2\/product_tag?post=1356"}],"curies":[{"name":"wp","href":"https:\/\/api.w.org\/{rel}","templated":true}]}}