{"id":1417,"date":"2026-03-14T02:41:58","date_gmt":"2026-03-14T02:41:58","guid":{"rendered":"https:\/\/new.theoolalab.com\/?post_type=product&#038;p=1417"},"modified":"2026-03-27T10:18:35","modified_gmt":"2026-03-27T10:18:35","slug":"sport-06","status":"publish","type":"product","link":"https:\/\/new.theoolalab.com\/en\/product\/sport-06\/","title":{"rendered":"SPORT 06"},"content":{"rendered":"<p><span data-sheets-root=\"1\">S06 feels like a soft ribbon gliding across the skin. Violet and mimosa create an airy, delicate opening with a graceful floral character. A subtle sweetness from red pomegranate blends with smooth musk, forming a fragrance that is light and elegant yet leaves a lasting impression.<\/span><\/p>","protected":false},"excerpt":{"rendered":"<p>S06 t\u1ef1a nh\u01b0 m\u1ed9t d\u1ea3i l\u1ee5a l\u01b0\u1edbt nh\u1eb9 tr\u00ean l\u00e0n da. Hoa Violet v\u00e0 Mimosa m\u1edf ra c\u1ea3m gi\u00e1c bay b\u1ed5ng, m\u1ec1m m\u1ea1i v\u00e0 tinh t\u1ebf. Ch\u00fat ng\u1ecdt thanh t\u1eeb l\u1ef1u \u0111\u1ecf h\u00f2a quy\u1ec7n c\u00f9ng x\u1ea1 h\u01b0\u01a1ng m\u01b0\u1ee3t m\u00e0, t\u1ea1o n\u00ean m\u1ed9t m\u00f9i h\u01b0\u01a1ng v\u01b0\u01a1ng v\u1ea5n, nh\u1eb9 nh\u00e0ng nh\u01b0ng \u0111\u1ee7 s\u1ee9c \u0111\u1ec3 l\u1ea1i d\u1ea5u \u1ea5n&#8230;<\/p>","protected":false},"featured_media":1713,"comment_status":"open","ping_status":"closed","template":"","meta":{"_kad_post_transparent":"default","_kad_post_title":"","_kad_post_layout":"default","_kad_post_sidebar_id":"","_kad_post_content_style":"default","_kad_post_vertical_padding":"default","_kad_post_feature":"","_kad_post_feature_position":"","_kad_post_header":false,"_kad_post_footer":false,"_kad_post_classname":""},"product_brand":[],"product_cat":[30],"product_tag":[],"class_list":{"0":"post-1417","1":"product","2":"type-product","3":"status-publish","4":"has-post-thumbnail","6":"product_cat-sport","8":"first","9":"instock","10":"shipping-taxable","11":"purchasable","12":"product-type-variable","13":"entry","14":"content-bg","15":"loop-entry"},"_links":{"self":[{"href":"https:\/\/new.theoolalab.com\/en\/wp-json\/wp\/v2\/product\/1417","targetHints":{"allow":["GET"]}}],"collection":[{"href":"https:\/\/new.theoolalab.com\/en\/wp-json\/wp\/v2\/product"}],"about":[{"href":"https:\/\/new.theoolalab.com\/en\/wp-json\/wp\/v2\/types\/product"}],"replies":[{"embeddable":true,"href":"https:\/\/new.theoolalab.com\/en\/wp-json\/wp\/v2\/comments?post=1417"}],"wp:featuredmedia":[{"embeddable":true,"href":"https:\/\/new.theoolalab.com\/en\/wp-json\/wp\/v2\/media\/1713"}],"wp:attachment":[{"href":"https:\/\/new.theoolalab.com\/en\/wp-json\/wp\/v2\/media?parent=1417"}],"wp:term":[{"taxonomy":"product_brand","embeddable":true,"href":"https:\/\/new.theoolalab.com\/en\/wp-json\/wp\/v2\/product_brand?post=1417"},{"taxonomy":"product_cat","embeddable":true,"href":"https:\/\/new.theoolalab.com\/en\/wp-json\/wp\/v2\/product_cat?post=1417"},{"taxonomy":"product_tag","embeddable":true,"href":"https:\/\/new.theoolalab.com\/en\/wp-json\/wp\/v2\/product_tag?post=1417"}],"curies":[{"name":"wp","href":"https:\/\/api.w.org\/{rel}","templated":true}]}}