{"id":1420,"date":"2026-03-14T02:44:11","date_gmt":"2026-03-14T02:44:11","guid":{"rendered":"https:\/\/new.theoolalab.com\/?post_type=product&#038;p=1420"},"modified":"2026-03-27T10:18:28","modified_gmt":"2026-03-27T10:18:28","slug":"sport-07","status":"publish","type":"product","link":"https:\/\/new.theoolalab.com\/en\/product\/sport-07\/","title":{"rendered":"SPORT 07"},"content":{"rendered":"<p><span data-sheets-root=\"1\">S07 opens with the cool freshness of mint leaves, balanced by the warm depth of cedarwood. Subtle touches of sweet grass and cardamom add gentle nuance, evoking the atmosphere of an early morning in nature. A fragrance that reflects freedom and positive energy.<\/span><\/p>","protected":false},"excerpt":{"rendered":"<p>S07 m\u1edf ra v\u1edbi s\u1ef1 m\u00e1t l\u1ea1nh c\u1ee7a l\u00e1 b\u1ea1c h\u00e0, h\u00f2a c\u00f9ng chi\u1ec1u s\u00e2u \u1ea5m \u00e1p c\u1ee7a g\u1ed7 tuy\u1ebft t\u00f9ng. C\u1ecf ng\u1ecdt v\u00e0 b\u1ea1ch \u0111\u1eadu kh\u1ea5u \u0111i\u1ec3m xuy\u1ebft nh\u1eb9 nh\u00e0ng, g\u1ee3i n\u00ean b\u1ea7u kh\u00f4ng kh\u00ed t\u01b0\u01a1i m\u1edbi nh\u01b0 bu\u1ed5i s\u1edbm gi\u1eefa thi\u00ean nhi\u00ean. M\u1ed9t m\u00f9i h\u01b0\u01a1ng c\u1ee7a t\u1ef1 do v\u00e0 ngu\u1ed3n n\u0103ng l\u01b0\u1ee3ng t\u00edch&#8230;<\/p>","protected":false},"featured_media":1715,"comment_status":"open","ping_status":"closed","template":"","meta":{"_kad_post_transparent":"default","_kad_post_title":"","_kad_post_layout":"default","_kad_post_sidebar_id":"","_kad_post_content_style":"default","_kad_post_vertical_padding":"default","_kad_post_feature":"","_kad_post_feature_position":"","_kad_post_header":false,"_kad_post_footer":false,"_kad_post_classname":""},"product_brand":[],"product_cat":[30],"product_tag":[],"class_list":{"0":"post-1420","1":"product","2":"type-product","3":"status-publish","4":"has-post-thumbnail","6":"product_cat-sport","8":"first","9":"instock","10":"shipping-taxable","11":"purchasable","12":"product-type-variable","13":"entry","14":"content-bg","15":"loop-entry"},"_links":{"self":[{"href":"https:\/\/new.theoolalab.com\/en\/wp-json\/wp\/v2\/product\/1420","targetHints":{"allow":["GET"]}}],"collection":[{"href":"https:\/\/new.theoolalab.com\/en\/wp-json\/wp\/v2\/product"}],"about":[{"href":"https:\/\/new.theoolalab.com\/en\/wp-json\/wp\/v2\/types\/product"}],"replies":[{"embeddable":true,"href":"https:\/\/new.theoolalab.com\/en\/wp-json\/wp\/v2\/comments?post=1420"}],"wp:featuredmedia":[{"embeddable":true,"href":"https:\/\/new.theoolalab.com\/en\/wp-json\/wp\/v2\/media\/1715"}],"wp:attachment":[{"href":"https:\/\/new.theoolalab.com\/en\/wp-json\/wp\/v2\/media?parent=1420"}],"wp:term":[{"taxonomy":"product_brand","embeddable":true,"href":"https:\/\/new.theoolalab.com\/en\/wp-json\/wp\/v2\/product_brand?post=1420"},{"taxonomy":"product_cat","embeddable":true,"href":"https:\/\/new.theoolalab.com\/en\/wp-json\/wp\/v2\/product_cat?post=1420"},{"taxonomy":"product_tag","embeddable":true,"href":"https:\/\/new.theoolalab.com\/en\/wp-json\/wp\/v2\/product_tag?post=1420"}],"curies":[{"name":"wp","href":"https:\/\/api.w.org\/{rel}","templated":true}]}}